{"id":1095,"date":"2024-09-21T19:51:01","date_gmt":"2024-09-21T22:51:01","guid":{"rendered":"https:\/\/flaviabarbosa.ntr.br\/site\/?page_id=1095"},"modified":"2024-12-22T13:14:54","modified_gmt":"2024-12-22T16:14:54","slug":"sobre-mim","status":"publish","type":"page","link":"https:\/\/www.flaviabarbosa.ntr.br\/site\/sobre-mim\/","title":{"rendered":"SOBRE MIM"},"content":{"rendered":"[vc_row type=&#8221;full_width_background&#8221; full_screen_row_position=&#8221;middle&#8221; column_margin=&#8221;default&#8221; column_direction=&#8221;default&#8221; column_direction_tablet=&#8221;default&#8221; column_direction_phone=&#8221;default&#8221; bg_color=&#8221;#ffffff&#8221; scene_position=&#8221;center&#8221; top_padding=&#8221;5%&#8221; bottom_padding=&#8221;2%&#8221; text_color=&#8221;dark&#8221; text_align=&#8221;left&#8221; row_border_radius=&#8221;none&#8221; row_border_radius_applies=&#8221;bg&#8221; overflow=&#8221;visible&#8221; overlay_strength=&#8221;1&#8243; gradient_direction=&#8221;left_to_right&#8221; shape_divider_position=&#8221;bottom&#8221; bg_image_animation=&#8221;none&#8221; shape_type=&#8221;&#8221;][vc_column column_padding=&#8221;no-extra-padding&#8221; column_padding_tablet=&#8221;inherit&#8221; column_padding_phone=&#8221;inherit&#8221; column_padding_position=&#8221;all&#8221; column_element_direction_desktop=&#8221;default&#8221; column_element_spacing=&#8221;default&#8221; desktop_text_alignment=&#8221;default&#8221; tablet_text_alignment=&#8221;default&#8221; phone_text_alignment=&#8221;default&#8221; background_color_opacity=&#8221;1&#8243; background_hover_color_opacity=&#8221;1&#8243; column_backdrop_filter=&#8221;none&#8221; column_shadow=&#8221;none&#8221; column_border_radius=&#8221;none&#8221; column_link_target=&#8221;_self&#8221; column_position=&#8221;default&#8221; gradient_direction=&#8221;left_to_right&#8221; overlay_strength=&#8221;0.3&#8243; width=&#8221;1\/1&#8243; tablet_width_inherit=&#8221;default&#8221; animation_type=&#8221;default&#8221; enable_animation=&#8221;true&#8221; animation=&#8221;fade-in-from-bottom&#8221; animation_easing=&#8221;default&#8221; bg_image_animation=&#8221;none&#8221; border_type=&#8221;simple&#8221; column_border_width=&#8221;none&#8221; column_border_style=&#8221;solid&#8221;][vc_row_inner column_margin=&#8221;90px&#8221; column_direction=&#8221;default&#8221; column_direction_tablet=&#8221;default&#8221; column_direction_phone=&#8221;default&#8221; text_align=&#8221;left&#8221; row_position=&#8221;default&#8221; row_position_tablet=&#8221;inherit&#8221; row_position_phone=&#8221;inherit&#8221; overflow=&#8221;visible&#8221; pointer_events=&#8221;all&#8221;][vc_column_inner column_padding=&#8221;padding-3-percent&#8221; column_padding_tablet=&#8221;inherit&#8221; column_padding_phone=&#8221;inherit&#8221; column_padding_position=&#8221;top-bottom&#8221; column_element_direction_desktop=&#8221;default&#8221; column_element_spacing=&#8221;default&#8221; desktop_text_alignment=&#8221;default&#8221; tablet_text_alignment=&#8221;default&#8221; phone_text_alignment=&#8221;default&#8221; background_color_opacity=&#8221;1&#8243; background_hover_color_opacity=&#8221;1&#8243; column_backdrop_filter=&#8221;none&#8221; column_shadow=&#8221;none&#8221; column_border_radius=&#8221;none&#8221; column_link_target=&#8221;_self&#8221; overflow=&#8221;visible&#8221; gradient_direction=&#8221;left_to_right&#8221; overlay_strength=&#8221;0.3&#8243; width=&#8221;2\/3&#8243; tablet_width_inherit=&#8221;default&#8221; animation_type=&#8221;default&#8221; enable_animation=&#8221;true&#8221; animation=&#8221;fade-in-from-bottom&#8221; animation_easing=&#8221;default&#8221; bg_image_animation=&#8221;none&#8221; border_type=&#8221;simple&#8221; column_border_width=&#8221;none&#8221; column_border_style=&#8221;solid&#8221;][vc_column_text css=&#8221;.vc_custom_1726958985834{margin-bottom: 10px !important;padding-right: 10% !important;}&#8221; text_direction=&#8221;default&#8221;]\n<h3>Minha hist\u00f3ria<\/h3>\n[\/vc_column_text][vc_column_text css=&#8221;.vc_custom_1729463258883{padding-right: 10% !important;}&#8221; text_direction=&#8221;default&#8221;]Sou nutricionista, <strong>graduada pela Universidade do Estado do Rio de Janeiro (UERJ)<\/strong>, com <strong>especializa\u00e7\u00e3o em Terapia Nutricional<\/strong> tamb\u00e9m pela UERJ, <strong>especialista em Vigil\u00e2ncia Sanit\u00e1ria<\/strong> pela Escola Superior de Ci\u00eancias da Santa Casa de Miseric\u00f3rdia de Vit\u00f3ria\u00a0(EMESCAM) e <strong>mestra em Sa\u00fade Coletiva<\/strong> pela Universidade Federal do Esp\u00edrito Santo (UFES).<\/p>\n<p>Trabalho como nutricionista desde 2003, tanto como servidora p\u00fablica quanto com atendimentos nutricionais individuais em consult\u00f3rio particular e\u00a0<em>home care<\/em>.<\/p>\n<p>Como servidora p\u00fablica, tenho a possibilidade de atuar em \u00e1reas diferentes da nutri\u00e7\u00e3o, com as quais tenho afinidade, como a nutri\u00e7\u00e3o cl\u00ednica, sa\u00fade p\u00fablica e coletiva e essa vis\u00e3o ampliada da sa\u00fade e da nutri\u00e7\u00e3o me impulsionaram a fazer o\u00a0mestrado em Sa\u00fade Coletiva.<\/p>\n<p>Acredito que, com a pr\u00e1tica de olhar a sa\u00fade por um prisma mais integral e ampliado, isso me possibilita cuidar melhor das pessoas que me procuram em busca de atendimento e acolhimento. Afinal, as pessoas que decidem buscar ajuda profissional para melhorar a sua alimenta\u00e7\u00e3o, n\u00e3o precisam apenas mudar sua alimenta\u00e7\u00e3o. Elas precisam entender o que as leva a se alimentar como se alimentam, precisam entender porque sua rela\u00e7\u00e3o com a comida \u00e9 como \u00e9 e porque acham que precisam mudar algo nesse contexto.<\/p>\n<p>E, por isso, o processo de mudan\u00e7a relativo \u00e0 alimenta\u00e7\u00e3o n\u00e3o implica somente na alimenta\u00e7\u00e3o, mas na reestrutura\u00e7\u00e3o de cren\u00e7as e h\u00e1bitos de vida que cada um constr\u00f3i ao longo de sua hist\u00f3ria.<\/p>\n<p>Assim, delineei minha forma de atua\u00e7\u00e3o para atender a essas necessidades que, ao longo da minha vida profissional, percebi que eram comuns \u00e0s pessoas que me procuram para acompanhamento.<\/p>\n<p>Tudo isso n\u00e3o se resolve em uma consulta, e sim ao longo de um acompanhamento que vai perdurar o tempo necess\u00e1rio para que as mudan\u00e7as\u00a0 desejadas e pactuadas efetivamente aconte\u00e7am.[\/vc_column_text][\/vc_column_inner][vc_column_inner column_padding=&#8221;padding-3-percent&#8221; column_padding_tablet=&#8221;inherit&#8221; column_padding_phone=&#8221;inherit&#8221; column_padding_position=&#8221;top-bottom&#8221; column_element_direction_desktop=&#8221;default&#8221; column_element_spacing=&#8221;default&#8221; desktop_text_alignment=&#8221;default&#8221; tablet_text_alignment=&#8221;default&#8221; phone_text_alignment=&#8221;default&#8221; background_color_opacity=&#8221;1&#8243; background_hover_color_opacity=&#8221;1&#8243; column_backdrop_filter=&#8221;none&#8221; column_shadow=&#8221;none&#8221; column_border_radius=&#8221;none&#8221; column_link_target=&#8221;_self&#8221; overflow=&#8221;visible&#8221; gradient_direction=&#8221;left_to_right&#8221; overlay_strength=&#8221;0.3&#8243; width=&#8221;1\/3&#8243; tablet_width_inherit=&#8221;default&#8221; animation_type=&#8221;default&#8221; enable_animation=&#8221;true&#8221; animation=&#8221;fade-in-from-bottom&#8221; animation_easing=&#8221;default&#8221; bg_image_animation=&#8221;none&#8221; border_type=&#8221;simple&#8221; column_border_width=&#8221;none&#8221; column_border_style=&#8221;solid&#8221; delay=&#8221;100&#8243;][vc_column_text css=&#8221;.vc_custom_1729463092973{margin-bottom: 10px !important;padding-right: 10% !important;}&#8221; text_direction=&#8221;default&#8221;]\n<h3>Minha hist\u00f3ria profissional<\/h3>\n[\/vc_column_text][nectar_horizontal_list_item columns=&#8221;2&#8243; column_layout_using_2_columns=&#8221;medium_last&#8221; col_1_text_align=&#8221;left&#8221; col_2_text_align=&#8221;left&#8221; col_1_text_element=&#8221;p&#8221; col_2_text_element=&#8221;h5&#8243; font_family=&#8221;p&#8221; hover_effect=&#8221;none&#8221; icon_family=&#8221;none&#8221; icon_size=&#8221;regular&#8221; col_1_content=&#8221;2007 &#8211; Atualmente&#8221; col_2_content=&#8221;Nutricionista na Prefeitura Municipal de Vit\u00f3ria\/ES&#8221;][nectar_horizontal_list_item columns=&#8221;2&#8243; column_layout_using_2_columns=&#8221;medium_last&#8221; col_1_text_align=&#8221;left&#8221; col_2_text_align=&#8221;left&#8221; col_1_text_element=&#8221;p&#8221; col_2_text_element=&#8221;h5&#8243; font_family=&#8221;p&#8221; hover_effect=&#8221;none&#8221; icon_family=&#8221;none&#8221; icon_size=&#8221;regular&#8221; col_1_content=&#8221;2019 &#8211; Atualmente&#8221; col_2_content=&#8221;Palestrante e Consultora para Neg\u00f3cios de Alimenta\u00e7\u00e3o em Vila Velha\/ES&#8221;][nectar_horizontal_list_item columns=&#8221;2&#8243; column_layout_using_2_columns=&#8221;medium_last&#8221; col_1_text_align=&#8221;left&#8221; col_2_text_align=&#8221;left&#8221; col_1_text_element=&#8221;p&#8221; col_2_text_element=&#8221;h5&#8243; font_family=&#8221;p&#8221; hover_effect=&#8221;none&#8221; icon_family=&#8221;none&#8221; icon_size=&#8221;regular&#8221; col_1_content=&#8221;2016-2018&#8243; col_2_content=&#8221;Facilitadora na ETSUS em Vit\u00f3ria\/ES&#8221;][nectar_horizontal_list_item columns=&#8221;2&#8243; column_layout_using_2_columns=&#8221;medium_last&#8221; col_1_text_align=&#8221;left&#8221; col_2_text_align=&#8221;left&#8221; col_1_text_element=&#8221;p&#8221; col_2_text_element=&#8221;h5&#8243; font_family=&#8221;p&#8221; hover_effect=&#8221;none&#8221; icon_family=&#8221;none&#8221; icon_size=&#8221;regular&#8221; col_1_content=&#8221;2008 &#8211; 2014&#8243; col_2_content=&#8221;Nutricionista na Cl\u00ednica Evoluir em Cariacica\/ES&#8221;][nectar_horizontal_list_item columns=&#8221;2&#8243; column_layout_using_2_columns=&#8221;medium_last&#8221; col_1_text_align=&#8221;left&#8221; col_2_text_align=&#8221;left&#8221; col_1_text_element=&#8221;p&#8221; col_2_text_element=&#8221;h5&#8243; font_family=&#8221;p&#8221; hover_effect=&#8221;none&#8221; icon_family=&#8221;none&#8221; icon_size=&#8221;regular&#8221; col_1_content=&#8221;2004 &#8211; 2007&#8243; col_2_content=&#8221;Nutricionista na Prefeitura Municipal de Saquarema\/RJ&#8221;][\/vc_column_inner][\/vc_row_inner][\/vc_column][\/vc_row][vc_row type=&#8221;in_container&#8221; full_screen_row_position=&#8221;middle&#8221; column_margin=&#8221;default&#8221; column_direction=&#8221;default&#8221; column_direction_tablet=&#8221;default&#8221; column_direction_phone=&#8221;default&#8221; scene_position=&#8221;center&#8221; text_color=&#8221;dark&#8221; text_align=&#8221;left&#8221; row_border_radius=&#8221;none&#8221; row_border_radius_applies=&#8221;bg&#8221; overflow=&#8221;visible&#8221; overlay_strength=&#8221;0.3&#8243; gradient_direction=&#8221;left_to_right&#8221; shape_divider_position=&#8221;bottom&#8221; bg_image_animation=&#8221;none&#8221;][vc_column column_padding=&#8221;no-extra-padding&#8221; column_padding_tablet=&#8221;inherit&#8221; column_padding_phone=&#8221;inherit&#8221; column_padding_position=&#8221;all&#8221; column_element_direction_desktop=&#8221;default&#8221; column_element_spacing=&#8221;default&#8221; desktop_text_alignment=&#8221;default&#8221; tablet_text_alignment=&#8221;default&#8221; phone_text_alignment=&#8221;default&#8221; background_color_opacity=&#8221;1&#8243; background_hover_color_opacity=&#8221;1&#8243; column_backdrop_filter=&#8221;none&#8221; column_shadow=&#8221;none&#8221; column_border_radius=&#8221;none&#8221; column_link_target=&#8221;_self&#8221; column_position=&#8221;default&#8221; gradient_direction=&#8221;left_to_right&#8221; overlay_strength=&#8221;0.3&#8243; width=&#8221;1\/1&#8243; tablet_width_inherit=&#8221;default&#8221; animation_type=&#8221;default&#8221; bg_image_animation=&#8221;none&#8221; border_type=&#8221;simple&#8221; column_border_width=&#8221;none&#8221; column_border_style=&#8221;solid&#8221;][nectar_btn size=&#8221;small&#8221; button_style=&#8221;regular&#8221; button_color_2=&#8221;Extra-Color-3&#8243; icon_family=&#8221;none&#8221; text=&#8221;Saiba mais sobre meu atendimento&#8221; url=&#8221;\/site\/atendimento&#8221; margin_right=&#8221;20px&#8221;][nectar_btn size=&#8221;small&#8221; button_style=&#8221;regular&#8221; button_color_2=&#8221;Extra-Color-1&#8243; icon_family=&#8221;none&#8221; text=&#8221;Voltar para a p\u00e1gina incial&#8221; url=&#8221;\/site&#8221;][\/vc_column][\/vc_row]\n","protected":false},"excerpt":{"rendered":"<p>[vc_row type=&#8221;full_width_background&#8221; full_screen_row_position=&#8221;middle&#8221; column_margin=&#8221;default&#8221; column_direction=&#8221;default&#8221; column_direction_tablet=&#8221;default&#8221; column_direction_phone=&#8221;default&#8221; bg_color=&#8221;#ffffff&#8221; scene_position=&#8221;center&#8221; top_padding=&#8221;5%&#8221; bottom_padding=&#8221;2%&#8221; text_color=&#8221;dark&#8221; text_align=&#8221;left&#8221; row_border_radius=&#8221;none&#8221; row_border_radius_applies=&#8221;bg&#8221; overflow=&#8221;visible&#8221; overlay_strength=&#8221;1&#8243; gradient_direction=&#8221;left_to_right&#8221; shape_divider_position=&#8221;bottom&#8221; bg_image_animation=&#8221;none&#8221; shape_type=&#8221;&#8221;][vc_column column_padding=&#8221;no-extra-padding&#8221; column_padding_tablet=&#8221;inherit&#8221; column_padding_phone=&#8221;inherit&#8221; column_padding_position=&#8221;all&#8221; column_element_direction_desktop=&#8221;default&#8221; column_element_spacing=&#8221;default&#8221; desktop_text_alignment=&#8221;default&#8221; tablet_text_alignment=&#8221;default&#8221; phone_text_alignment=&#8221;default&#8221;&#8230;<\/p>\n","protected":false},"author":1,"featured_media":0,"parent":0,"menu_order":0,"comment_status":"closed","ping_status":"closed","template":"","meta":{"footnotes":""},"folder":[174],"class_list":["post-1095","page","type-page","status-publish"],"_links":{"self":[{"href":"https:\/\/www.flaviabarbosa.ntr.br\/site\/wp-json\/wp\/v2\/pages\/1095","targetHints":{"allow":["GET"]}}],"collection":[{"href":"https:\/\/www.flaviabarbosa.ntr.br\/site\/wp-json\/wp\/v2\/pages"}],"about":[{"href":"https:\/\/www.flaviabarbosa.ntr.br\/site\/wp-json\/wp\/v2\/types\/page"}],"author":[{"embeddable":true,"href":"https:\/\/www.flaviabarbosa.ntr.br\/site\/wp-json\/wp\/v2\/users\/1"}],"replies":[{"embeddable":true,"href":"https:\/\/www.flaviabarbosa.ntr.br\/site\/wp-json\/wp\/v2\/comments?post=1095"}],"version-history":[{"count":13,"href":"https:\/\/www.flaviabarbosa.ntr.br\/site\/wp-json\/wp\/v2\/pages\/1095\/revisions"}],"predecessor-version":[{"id":1385,"href":"https:\/\/www.flaviabarbosa.ntr.br\/site\/wp-json\/wp\/v2\/pages\/1095\/revisions\/1385"}],"wp:attachment":[{"href":"https:\/\/www.flaviabarbosa.ntr.br\/site\/wp-json\/wp\/v2\/media?parent=1095"}],"wp:term":[{"taxonomy":"folder","embeddable":true,"href":"https:\/\/www.flaviabarbosa.ntr.br\/site\/wp-json\/wp\/v2\/folder?post=1095"}],"curies":[{"name":"wp","href":"https:\/\/api.w.org\/{rel}","templated":true}]}}