{"id":1935,"date":"2025-12-15T22:12:55","date_gmt":"2025-12-16T01:12:55","guid":{"rendered":"https:\/\/www.flaviabarbosa.ntr.br\/site\/?page_id=1935"},"modified":"2026-01-23T09:27:39","modified_gmt":"2026-01-23T12:27:39","slug":"membros","status":"publish","type":"page","link":"https:\/\/www.flaviabarbosa.ntr.br\/site\/membros\/","title":{"rendered":"\u00c1rea de membros"},"content":{"rendered":"<div class=\"members-access-error\">Por favor, fa\u00e7a seu login no site para ter acesso ao conte\u00fado da <strong>\u00c1rea de membros<\/strong>.<\/p>\n<p><a href=\"\/site\/login\">Clique aqui para fazer o login<\/a>.<\/div>\n","protected":false},"excerpt":{"rendered":"<div class=\"members-access-error\">Por favor, fa\u00e7a seu login no site para ter acesso ao conte\u00fado da <strong>\u00c1rea de membros<\/strong>.<\/p>\n<p><a href=\"\/site\/login\">Clique aqui para fazer o login<\/a>.<\/div>\n","protected":false},"author":1,"featured_media":0,"parent":0,"menu_order":0,"comment_status":"closed","ping_status":"closed","template":"","meta":{"footnotes":""},"folder":[179],"class_list":["post-1935","page","type-page","status-publish"],"_links":{"self":[{"href":"https:\/\/www.flaviabarbosa.ntr.br\/site\/wp-json\/wp\/v2\/pages\/1935","targetHints":{"allow":["GET"]}}],"collection":[{"href":"https:\/\/www.flaviabarbosa.ntr.br\/site\/wp-json\/wp\/v2\/pages"}],"about":[{"href":"https:\/\/www.flaviabarbosa.ntr.br\/site\/wp-json\/wp\/v2\/types\/page"}],"author":[{"embeddable":true,"href":"https:\/\/www.flaviabarbosa.ntr.br\/site\/wp-json\/wp\/v2\/users\/1"}],"replies":[{"embeddable":true,"href":"https:\/\/www.flaviabarbosa.ntr.br\/site\/wp-json\/wp\/v2\/comments?post=1935"}],"version-history":[{"count":23,"href":"https:\/\/www.flaviabarbosa.ntr.br\/site\/wp-json\/wp\/v2\/pages\/1935\/revisions"}],"predecessor-version":[{"id":2010,"href":"https:\/\/www.flaviabarbosa.ntr.br\/site\/wp-json\/wp\/v2\/pages\/1935\/revisions\/2010"}],"wp:attachment":[{"href":"https:\/\/www.flaviabarbosa.ntr.br\/site\/wp-json\/wp\/v2\/media?parent=1935"}],"wp:term":[{"taxonomy":"folder","embeddable":true,"href":"https:\/\/www.flaviabarbosa.ntr.br\/site\/wp-json\/wp\/v2\/folder?post=1935"}],"curies":[{"name":"wp","href":"https:\/\/api.w.org\/{rel}","templated":true}]}}